{"id":355,"date":"2022-10-20T15:22:50","date_gmt":"2022-10-20T15:22:50","guid":{"rendered":"http:\/\/cloudfactory-hagen.de\/?page_id=355"},"modified":"2022-10-20T15:28:43","modified_gmt":"2022-10-20T15:28:43","slug":"impressum","status":"publish","type":"page","link":"https:\/\/cloudfactory-hagen.de\/?page_id=355","title":{"rendered":"Impressum"},"content":{"rendered":"\t\t<div data-elementor-type=\"wp-page\" data-elementor-id=\"355\" class=\"elementor elementor-355\">\n\t\t\t\t\t\t\t\t\t<section class=\"elementor-section elementor-top-section elementor-element elementor-element-3d724331 elementor-section-boxed elementor-section-height-default elementor-section-height-default wpr-particle-no wpr-jarallax-no wpr-parallax-no wpr-sticky-section-no\" data-id=\"3d724331\" data-element_type=\"section\">\n\t\t\t\t\t\t<div class=\"elementor-container elementor-column-gap-default\">\n\t\t\t\t\t<div class=\"elementor-column elementor-col-100 elementor-top-column elementor-element elementor-element-1c7a1d84\" data-id=\"1c7a1d84\" data-element_type=\"column\">\n\t\t\t<div class=\"elementor-widget-wrap elementor-element-populated\">\n\t\t\t\t\t\t\t\t<div class=\"elementor-element elementor-element-cdd4c90 elementor-widget elementor-widget-heading\" data-id=\"cdd4c90\" data-element_type=\"widget\" data-widget_type=\"heading.default\">\n\t\t\t\t<div class=\"elementor-widget-container\">\n\t\t\t<style>\/*! elementor - v3.17.0 - 08-11-2023 *\/\n.elementor-heading-title{padding:0;margin:0;line-height:1}.elementor-widget-heading .elementor-heading-title[class*=elementor-size-]>a{color:inherit;font-size:inherit;line-height:inherit}.elementor-widget-heading .elementor-heading-title.elementor-size-small{font-size:15px}.elementor-widget-heading .elementor-heading-title.elementor-size-medium{font-size:19px}.elementor-widget-heading .elementor-heading-title.elementor-size-large{font-size:29px}.elementor-widget-heading .elementor-heading-title.elementor-size-xl{font-size:39px}.elementor-widget-heading .elementor-heading-title.elementor-size-xxl{font-size:59px}<\/style><h2 class=\"elementor-heading-title elementor-size-default\">Impressum<\/h2>\t\t<\/div>\n\t\t\t\t<\/div>\n\t\t\t\t\t<\/div>\n\t\t<\/div>\n\t\t\t\t\t\t\t<\/div>\n\t\t<\/section>\n\t\t\t\t<section class=\"elementor-section elementor-top-section elementor-element elementor-element-d428cad elementor-section-boxed elementor-section-height-default elementor-section-height-default wpr-particle-no wpr-jarallax-no wpr-parallax-no wpr-sticky-section-no\" data-id=\"d428cad\" data-element_type=\"section\">\n\t\t\t\t\t\t<div class=\"elementor-container elementor-column-gap-default\">\n\t\t\t\t\t<div class=\"elementor-column elementor-col-100 elementor-top-column elementor-element elementor-element-882d32c\" data-id=\"882d32c\" data-element_type=\"column\">\n\t\t\t<div class=\"elementor-widget-wrap elementor-element-populated\">\n\t\t\t\t\t\t\t\t<div class=\"elementor-element elementor-element-30cbef8 elementor-widget elementor-widget-text-editor\" data-id=\"30cbef8\" data-element_type=\"widget\" data-widget_type=\"text-editor.default\">\n\t\t\t\t<div class=\"elementor-widget-container\">\n\t\t\t<style>\/*! elementor - v3.17.0 - 08-11-2023 *\/\n.elementor-widget-text-editor.elementor-drop-cap-view-stacked .elementor-drop-cap{background-color:#69727d;color:#fff}.elementor-widget-text-editor.elementor-drop-cap-view-framed .elementor-drop-cap{color:#69727d;border:3px solid;background-color:transparent}.elementor-widget-text-editor:not(.elementor-drop-cap-view-default) .elementor-drop-cap{margin-top:8px}.elementor-widget-text-editor:not(.elementor-drop-cap-view-default) .elementor-drop-cap-letter{width:1em;height:1em}.elementor-widget-text-editor .elementor-drop-cap{float:left;text-align:center;line-height:1;font-size:50px}.elementor-widget-text-editor .elementor-drop-cap-letter{display:inline-block}<\/style>\t\t\t\t<p>Verantwortlicher im Sinne der Datenschutzgesetze, insbesondere der EUDatenschutzgrundverordnung (DSGVO), ist: <br \/><br \/>Angaben gem\u00e4\u00df \u00a7 5 TMG: <\/p>\n<p>Claudia Trender <br \/>Cloudfactory (Einzelhandelsunternehmen)\u00a0<br \/><span style=\"font-size: 1rem;\">Am Gewerbepark 1 <br \/>27628 Hagen im Bremischen\u00a0<\/span><br \/><br \/>Kontakt: <br \/>Telefon: 04746 917 83 11 <br \/>E-Mail: cloudfactory.hagen@gmail.com <br \/><br \/>Vertreten durch: \u00a0Claudia Trender<br \/><br \/>Wirtschafts-Identifikationsnummer:\u00a0<br \/>DE321655346 <br \/><br \/>Berufsrechtliche Angaben<br \/><br \/>Hinweise zur Website<br \/><br \/>Verantwortlich f\u00fcr journalistisch-redaktionelle Inhalte: <br \/>O. Univ.-Prof. Dr. Bernhard-Michael Mayer Bereichsleiter Pharmakologie und Toxikologie, Institut f\u00fcr Pharmazeutische Wissenschaften Karl-Franzens-Universit\u00e4t Graz, Humboldtstra\u00dfe 46\/I, A-8010 Graz, \u00d6sterreich f\u00fcr Informationen zu E-Zigaretten und Nikotin <br \/><br \/>Information gem\u00e4\u00df \u00a7 36 VSBG Gem\u00e4\u00df \u00a7 36 VSBG (Verbraucherstreitbeilegungsgesetz \u2013 Gesetz \u00fcber die alternative Streitbeilegung in Verbrauchersachen) erkl\u00e4rt der Betreiber dieser Website: <br \/><br \/>Wir sind weder bereit noch verpflichtet, an Streitbeilegungsverfahren vor einer Verbraucherschlichtungsstelle teilzunehmen.<\/p>\t\t\t\t\t\t<\/div>\n\t\t\t\t<\/div>\n\t\t\t\t\t<\/div>\n\t\t<\/div>\n\t\t\t\t\t\t\t<\/div>\n\t\t<\/section>\n\t\t\t\t<section class=\"elementor-section elementor-top-section elementor-element elementor-element-1d28678 elementor-section-boxed elementor-section-height-default elementor-section-height-default wpr-particle-no wpr-jarallax-no wpr-parallax-no wpr-sticky-section-no\" data-id=\"1d28678\" data-element_type=\"section\">\n\t\t\t\t\t\t<div class=\"elementor-container elementor-column-gap-default\">\n\t\t\t\t\t<div class=\"elementor-column elementor-col-100 elementor-top-column elementor-element elementor-element-d9bb8b0\" data-id=\"d9bb8b0\" data-element_type=\"column\">\n\t\t\t<div class=\"elementor-widget-wrap elementor-element-populated\">\n\t\t\t\t\t\t\t\t<div class=\"elementor-element elementor-element-06515d9 elementor-widget elementor-widget-spacer\" data-id=\"06515d9\" data-element_type=\"widget\" data-widget_type=\"spacer.default\">\n\t\t\t\t<div class=\"elementor-widget-container\">\n\t\t\t<style>\/*! elementor - v3.17.0 - 08-11-2023 *\/\n.elementor-column .elementor-spacer-inner{height:var(--spacer-size)}.e-con{--container-widget-width:100%}.e-con-inner>.elementor-widget-spacer,.e-con>.elementor-widget-spacer{width:var(--container-widget-width,var(--spacer-size));--align-self:var(--container-widget-align-self,initial);--flex-shrink:0}.e-con-inner>.elementor-widget-spacer>.elementor-widget-container,.e-con>.elementor-widget-spacer>.elementor-widget-container{height:100%;width:100%}.e-con-inner>.elementor-widget-spacer>.elementor-widget-container>.elementor-spacer,.e-con>.elementor-widget-spacer>.elementor-widget-container>.elementor-spacer{height:100%}.e-con-inner>.elementor-widget-spacer>.elementor-widget-container>.elementor-spacer>.elementor-spacer-inner,.e-con>.elementor-widget-spacer>.elementor-widget-container>.elementor-spacer>.elementor-spacer-inner{height:var(--container-widget-height,var(--spacer-size))}.e-con-inner>.elementor-widget-spacer.elementor-widget-empty,.e-con>.elementor-widget-spacer.elementor-widget-empty{position:relative;min-height:22px;min-width:22px}.e-con-inner>.elementor-widget-spacer.elementor-widget-empty .elementor-widget-empty-icon,.e-con>.elementor-widget-spacer.elementor-widget-empty .elementor-widget-empty-icon{position:absolute;top:0;bottom:0;left:0;right:0;margin:auto;padding:0;width:22px;height:22px}<\/style>\t\t<div class=\"elementor-spacer\">\n\t\t\t<div class=\"elementor-spacer-inner\"><\/div>\n\t\t<\/div>\n\t\t\t\t<\/div>\n\t\t\t\t<\/div>\n\t\t\t\t\t<\/div>\n\t\t<\/div>\n\t\t\t\t\t\t\t<\/div>\n\t\t<\/section>\n\t\t\t\t\t\t\t<\/div>\n\t\t","protected":false},"excerpt":{"rendered":"<p>Impressum Verantwortlicher im Sinne der Datenschutzgesetze, insbesondere der EUDatenschutzgrundverordnung (DSGVO), ist: Angaben gem\u00e4\u00df \u00a7 5 TMG: Claudia Trender Cloudfactory (Einzelhandelsunternehmen)\u00a0Am Gewerbepark 1 27628 Hagen im Bremischen\u00a0 Kontakt: Telefon: 04746 917 83 11 E-Mail: cloudfactory.hagen@gmail.com Vertreten durch: \u00a0Claudia Trender Wirtschafts-Identifikationsnummer:\u00a0DE321655346 Berufsrechtliche Angaben Hinweise zur Website Verantwortlich f\u00fcr journalistisch-redaktionelle Inhalte: O. Univ.-Prof. Dr. Bernhard-Michael Mayer Bereichsleiter Pharmakologie &#8230; <a title=\"Impressum\" class=\"read-more\" href=\"https:\/\/cloudfactory-hagen.de\/?page_id=355\" aria-label=\"Mehr dazu unter Impressum\">Weiterlesen<\/a><\/p>\n","protected":false},"author":2,"featured_media":0,"parent":0,"menu_order":0,"comment_status":"closed","ping_status":"closed","template":"elementor_header_footer","meta":{"footnotes":""},"_links":{"self":[{"href":"https:\/\/cloudfactory-hagen.de\/index.php?rest_route=\/wp\/v2\/pages\/355"}],"collection":[{"href":"https:\/\/cloudfactory-hagen.de\/index.php?rest_route=\/wp\/v2\/pages"}],"about":[{"href":"https:\/\/cloudfactory-hagen.de\/index.php?rest_route=\/wp\/v2\/types\/page"}],"author":[{"embeddable":true,"href":"https:\/\/cloudfactory-hagen.de\/index.php?rest_route=\/wp\/v2\/users\/2"}],"replies":[{"embeddable":true,"href":"https:\/\/cloudfactory-hagen.de\/index.php?rest_route=%2Fwp%2Fv2%2Fcomments&post=355"}],"version-history":[{"count":0,"href":"https:\/\/cloudfactory-hagen.de\/index.php?rest_route=\/wp\/v2\/pages\/355\/revisions"}],"wp:attachment":[{"href":"https:\/\/cloudfactory-hagen.de\/index.php?rest_route=%2Fwp%2Fv2%2Fmedia&parent=355"}],"curies":[{"name":"wp","href":"https:\/\/api.w.org\/{rel}","templated":true}]}}